{"id":6284,"date":"2022-08-13T21:21:37","date_gmt":"2022-08-13T19:21:37","guid":{"rendered":"https:\/\/horses-poland.pl\/konie-na-sprzedaz\/"},"modified":"2023-04-14T12:10:15","modified_gmt":"2023-04-14T10:10:15","slug":"horses-for-sale","status":"publish","type":"page","link":"https:\/\/horses-poland.pl\/en\/horses-for-sale\/","title":{"rendered":"Horses for sale"},"content":{"rendered":"[vc_row type=&#8221;full_width_background&#8221; full_screen_row_position=&#8221;middle&#8221; column_margin=&#8221;default&#8221; column_direction=&#8221;default&#8221; column_direction_tablet=&#8221;default&#8221; column_direction_phone=&#8221;default&#8221; bg_image=&#8221;5803&#8243; bg_position=&#8221;center center&#8221; background_image_loading=&#8221;default&#8221; bg_repeat=&#8221;no-repeat&#8221; scene_position=&#8221;center&#8221; top_padding=&#8221;8%&#8221; constrain_group_1=&#8221;yes&#8221; bottom_padding=&#8221;8%&#8221; top_padding_tablet=&#8221;10%&#8221; constrain_group_3=&#8221;yes&#8221; bottom_padding_tablet=&#8221;10%&#8221; top_padding_phone=&#8221;10%&#8221; constrain_group_5=&#8221;yes&#8221; bottom_padding_phone=&#8221;10%&#8221; text_color=&#8221;light&#8221; text_align=&#8221;center&#8221; row_border_radius=&#8221;none&#8221; row_border_radius_applies=&#8221;bg&#8221; overflow=&#8221;visible&#8221; color_overlay=&#8221;#000000&#8243; advanced_gradient_angle=&#8221;0&#8243; overlay_strength=&#8221;0.3&#8243; gradient_direction=&#8221;left_to_right&#8221; shape_divider_position=&#8221;bottom&#8221; bg_image_animation=&#8221;none&#8221; gradient_type=&#8221;default&#8221; shape_type=&#8221;&#8221;][vc_column column_padding=&#8221;no-extra-padding&#8221; column_padding_tablet=&#8221;inherit&#8221; column_padding_phone=&#8221;inherit&#8221; column_padding_position=&#8221;all&#8221; column_element_spacing=&#8221;default&#8221; background_color_opacity=&#8221;1&#8243; background_hover_color_opacity=&#8221;1&#8243; column_shadow=&#8221;none&#8221; column_border_radius=&#8221;none&#8221; column_link_target=&#8221;_self&#8221; column_position=&#8221;default&#8221; gradient_direction=&#8221;left_to_right&#8221; overlay_strength=&#8221;0.3&#8243; width=&#8221;1\/1&#8243; tablet_width_inherit=&#8221;default&#8221; tablet_text_alignment=&#8221;default&#8221; phone_text_alignment=&#8221;default&#8221; animation_type=&#8221;default&#8221; bg_image_animation=&#8221;none&#8221; border_type=&#8221;simple&#8221; column_border_width=&#8221;none&#8221; column_border_style=&#8221;solid&#8221;][vc_column_text]\n<h1 style=\"text-align: center;\">HORSES FOR SALE<\/h1>\n[\/vc_column_text][divider line_type=&#8221;Small Line&#8221; line_alignment=&#8221;center&#8221; line_thickness=&#8221;2&#8243; divider_color=&#8221;accent-color&#8221; custom_line_width=&#8221;80&#8243;][\/vc_column][\/vc_row][vc_row type=&#8221;full_width_background&#8221; full_screen_row_position=&#8221;middle&#8221; column_margin=&#8221;default&#8221; column_direction=&#8221;default&#8221; column_direction_tablet=&#8221;default&#8221; column_direction_phone=&#8221;default&#8221; bg_image=&#8221;5832&#8243; bg_position=&#8221;left top&#8221; background_image_loading=&#8221;default&#8221; bg_repeat=&#8221;repeat&#8221; scene_position=&#8221;center&#8221; top_padding=&#8221;3%&#8221; constrain_group_1=&#8221;yes&#8221; bottom_padding=&#8221;3%&#8221; top_padding_tablet=&#8221;5%&#8221; constrain_group_3=&#8221;yes&#8221; bottom_padding_tablet=&#8221;5%&#8221; top_padding_phone=&#8221;10%&#8221; constrain_group_5=&#8221;yes&#8221; bottom_padding_phone=&#8221;10%&#8221; text_color=&#8221;dark&#8221; text_align=&#8221;left&#8221; row_border_radius=&#8221;none&#8221; row_border_radius_applies=&#8221;bg&#8221; overflow=&#8221;visible&#8221; advanced_gradient_angle=&#8221;0&#8243; overlay_strength=&#8221;0.3&#8243; gradient_direction=&#8221;left_to_right&#8221; shape_divider_position=&#8221;bottom&#8221; bg_image_animation=&#8221;none&#8221; gradient_type=&#8221;default&#8221; shape_type=&#8221;&#8221;][vc_column column_padding=&#8221;no-extra-padding&#8221; column_padding_tablet=&#8221;inherit&#8221; column_padding_phone=&#8221;inherit&#8221; column_padding_position=&#8221;all&#8221; column_element_spacing=&#8221;default&#8221; background_color_opacity=&#8221;1&#8243; background_hover_color_opacity=&#8221;1&#8243; column_shadow=&#8221;none&#8221; column_border_radius=&#8221;none&#8221; column_link_target=&#8221;_self&#8221; column_position=&#8221;default&#8221; gradient_direction=&#8221;left_to_right&#8221; overlay_strength=&#8221;0.3&#8243; width=&#8221;1\/1&#8243; tablet_width_inherit=&#8221;default&#8221; tablet_text_alignment=&#8221;default&#8221; phone_text_alignment=&#8221;default&#8221; animation_type=&#8221;default&#8221; bg_image_animation=&#8221;none&#8221; border_type=&#8221;simple&#8221; column_border_width=&#8221;none&#8221; column_border_style=&#8221;solid&#8221;][vc_row_inner equal_height=&#8221;yes&#8221; content_placement=&#8221;middle&#8221; column_margin=&#8221;default&#8221; column_direction=&#8221;default&#8221; column_direction_tablet=&#8221;default&#8221; column_direction_phone=&#8221;default&#8221; bottom_padding=&#8221;3%&#8221; text_align=&#8221;left&#8221; row_position=&#8221;default&#8221; row_position_tablet=&#8221;inherit&#8221; row_position_phone=&#8221;inherit&#8221; overflow=&#8221;visible&#8221; pointer_events=&#8221;all&#8221;][vc_column_inner column_padding=&#8221;no-extra-padding&#8221; column_padding_tablet=&#8221;inherit&#8221; column_padding_phone=&#8221;inherit&#8221; column_padding_position=&#8221;all&#8221; column_element_spacing=&#8221;default&#8221; background_color_opacity=&#8221;1&#8243; background_hover_color_opacity=&#8221;1&#8243; column_shadow=&#8221;none&#8221; column_border_radius=&#8221;none&#8221; column_link_target=&#8221;_self&#8221; gradient_direction=&#8221;left_to_right&#8221; overlay_strength=&#8221;0.3&#8243; width=&#8221;1\/2&#8243; tablet_width_inherit=&#8221;default&#8221; animation_type=&#8221;default&#8221; bg_image_animation=&#8221;none&#8221; border_type=&#8221;simple&#8221; column_border_width=&#8221;none&#8221; column_border_style=&#8221;solid&#8221;][vc_column_text]\n<p style=\"text-align: justify;\">If you have decided to buy a horse, this is the right place. Contact us and we will find the perfect horse for you. We specialize in purebred horses: Thoroughbreds and Arabians. However, we also have extensive contacts with breeders and owners of other breeds, such as Spanish horses. Please take a look at the available offers on our website, which we try to update once a week. If you have not found anything suitable for you, please contact our advisors or wait for the next update.<\/p>\n[\/vc_column_text][\/vc_column_inner][vc_column_inner column_padding=&#8221;no-extra-padding&#8221; column_padding_tablet=&#8221;inherit&#8221; column_padding_phone=&#8221;inherit&#8221; column_padding_position=&#8221;all&#8221; column_element_spacing=&#8221;default&#8221; background_color_opacity=&#8221;1&#8243; background_hover_color_opacity=&#8221;1&#8243; column_shadow=&#8221;none&#8221; column_border_radius=&#8221;none&#8221; column_link_target=&#8221;_self&#8221; gradient_direction=&#8221;left_to_right&#8221; overlay_strength=&#8221;0.3&#8243; width=&#8221;1\/2&#8243; tablet_width_inherit=&#8221;default&#8221; animation_type=&#8221;default&#8221; bg_image_animation=&#8221;none&#8221; border_type=&#8221;simple&#8221; column_border_width=&#8221;none&#8221; column_border_style=&#8221;solid&#8221;][image_with_animation image_url=&#8221;6170&#8243; image_size=&#8221;full&#8221; animation_type=&#8221;entrance&#8221; animation=&#8221;Fade In&#8221; hover_animation=&#8221;none&#8221; alignment=&#8221;&#8221; border_radius=&#8221;none&#8221; box_shadow=&#8221;none&#8221; image_loading=&#8221;default&#8221; max_width=&#8221;100%&#8221; max_width_mobile=&#8221;default&#8221;][\/vc_column_inner][\/vc_row_inner][vc_column_text]\n<h3 style=\"text-align: center;\">MARES<\/h3>\n[\/vc_column_text][divider line_type=&#8221;Small Line&#8221; line_alignment=&#8221;center&#8221; line_thickness=&#8221;2&#8243; divider_color=&#8221;accent-color&#8221; custom_line_width=&#8221;85&#8243;][vc_row_inner column_margin=&#8221;default&#8221; column_direction=&#8221;default&#8221; column_direction_tablet=&#8221;default&#8221; column_direction_phone=&#8221;default&#8221; text_align=&#8221;left&#8221; row_position=&#8221;default&#8221; row_position_tablet=&#8221;inherit&#8221; row_position_phone=&#8221;inherit&#8221; overflow=&#8221;visible&#8221; pointer_events=&#8221;all&#8221;][vc_column_inner column_padding=&#8221;no-extra-padding&#8221; column_padding_tablet=&#8221;inherit&#8221; column_padding_phone=&#8221;inherit&#8221; column_padding_position=&#8221;all&#8221; column_element_spacing=&#8221;default&#8221; background_color_opacity=&#8221;1&#8243; background_hover_color_opacity=&#8221;1&#8243; column_shadow=&#8221;none&#8221; column_border_radius=&#8221;none&#8221; column_link_target=&#8221;_self&#8221; gradient_direction=&#8221;left_to_right&#8221; overlay_strength=&#8221;0.3&#8243; width=&#8221;1\/3&#8243; tablet_width_inherit=&#8221;default&#8221; animation_type=&#8221;default&#8221; bg_image_animation=&#8221;none&#8221; border_type=&#8221;simple&#8221; column_border_width=&#8221;none&#8221; column_border_style=&#8221;solid&#8221;][team_member image_url=&#8221;5938&#8243; bio_alt_image_url=&#8221;6054&#8243; team_memeber_style=&#8221;bio_fullscreen_alt&#8221; image_loading=&#8221;lazy-load&#8221; team_member_bio_full_html=&#8221;html&#8221; name=&#8221;HERMA 2007&#8243; job_position=&#8221;Millennium(SE) \u2013 Hikma(DE)\/Touwayssan(TN)&#8221;]\n<h5><strong>CENA: 4000 <b>\u20ac<\/b><\/strong><\/h5>\n<p>Klacz wy\u015bcigowa arabska z bardzo dobr\u0105 karier\u0105 wy\u015bcigow\u0105.<\/p>\n<p><strong>Millennium (SE) \u2013 Hikma (DE) \/ Touwayssan (TN)<\/strong><br \/>\nKlacz kasztanowata, ur. 2007<br \/>\nHodowca: Bogdan Ziemia\u0144ski (PL)<br \/>\nr\u00f3d m\u0119ski: Kuhailan Afas or.ar. imp. 1931 Gumniska<br \/>\nlinia \u017ce\u0144ska: Samaria or.ar. 1882<\/p>\n<p><strong>Kariera wy\u015bcigowa:<\/strong><strong>2010:<br \/>\n<\/strong>1-a (Gonitwa II grupy), 1800m \u2013\u00a0<a href=\"http:\/\/www.youtube.com\/watch?v=saoVB1lrFEA\">video<\/a><br \/>\n1-a (Errlisa), 1800m \u2013\u00a0<a href=\"http:\/\/www.youtube.com\/watch?v=36bWG_pdFu0\">video<\/a><br \/>\n1-a (Amuratha, B), 2000m \u2013\u00a0<a href=\"http:\/\/www.youtube.com\/watch?v=NPqSKi1kfWM\">video<\/a><br \/>\n3-a (Bia\u0142ki, A), 2000m<br \/>\n1-a (Sambora, A) 2200m<\/p>\n<p><strong>2011:<br \/>\n<\/strong>6-a (Kabareta, B), 2200m \u2013\u00a0<a href=\"http:\/\/www.youtube.com\/watch?v=LXY8DtPl3gg\">video<\/a><br \/>\n3-a (Sabelliny, B), 2000m \u2013\u00a0<a href=\"http:\/\/www.youtube.com\/watch?v=3U_cOgANpDE\">video<\/a><br \/>\n1-a (Oaks, A), 2400m \u2013\u00a0<a href=\"http:\/\/www.youtube.com\/watch?v=DqMvpCB3r38\">video<\/a>[\/team_member][\/vc_column_inner][vc_column_inner column_padding=&#8221;no-extra-padding&#8221; column_padding_tablet=&#8221;inherit&#8221; column_padding_phone=&#8221;inherit&#8221; column_padding_position=&#8221;all&#8221; column_element_spacing=&#8221;default&#8221; background_color_opacity=&#8221;1&#8243; background_hover_color_opacity=&#8221;1&#8243; column_shadow=&#8221;none&#8221; column_border_radius=&#8221;none&#8221; column_link_target=&#8221;_self&#8221; gradient_direction=&#8221;left_to_right&#8221; overlay_strength=&#8221;0.3&#8243; width=&#8221;1\/3&#8243; tablet_width_inherit=&#8221;default&#8221; animation_type=&#8221;default&#8221; bg_image_animation=&#8221;none&#8221; border_type=&#8221;simple&#8221; column_border_width=&#8221;none&#8221; column_border_style=&#8221;solid&#8221;][team_member image_url=&#8221;5942&#8243; bio_alt_image_url=&#8221;6056&#8243; team_memeber_style=&#8221;bio_fullscreen_alt&#8221; image_loading=&#8221;lazy-load&#8221; team_member_bio_full_html=&#8221;html&#8221; name=&#8221;H ALLURE H (US) 2011&#8243; job_position=&#8221;Jullyen El Jamaal(BR) \u2013 Alegoria\/Pamir&#8221;]\n<h5><strong>CENA: 40 000 <b>\u20ac<\/b><\/strong><\/h5>\n<div dir=\"auto\">Znakomita klacz hodowlana, o unikalnym rodowodzie. C\u00f3rka niezapomnianej Alegorii po Eukaluptus, sprzedanej na Aukcji Pride of Poland do Stadniny Koni Hennessey Arabians w USA. Matka dw\u00f3ch kapitalnych c\u00f3rek, kt\u00f3re zostawi\u0142a w Stadninie Regina Arabians.<\/div>\n<div dir=\"auto\">Klacz jest \u017arebna ogierem Aria Rakeem<\/div>\n<div dir=\"auto\"><\/div>\n<p><strong>Jullyen El Jamaal (BR) \u2013 Alegoria (PL) \/ Eukaliptus (PL)<\/strong><br \/>\nKlacz siwa, ur. 2011<br \/>\nHodowca: Hennessey Arabian (US)<br \/>\nr\u00f3d m\u0119ski: Saklavi I 1886 Anazeh Ruala<br \/>\nlinia \u017ce\u0144ska: Scherife or.ar. imp. 1902 Babolna[\/team_member][\/vc_column_inner][vc_column_inner column_padding=&#8221;no-extra-padding&#8221; column_padding_tablet=&#8221;inherit&#8221; column_padding_phone=&#8221;inherit&#8221; column_padding_position=&#8221;all&#8221; column_element_spacing=&#8221;default&#8221; background_color_opacity=&#8221;1&#8243; background_hover_color_opacity=&#8221;1&#8243; column_shadow=&#8221;none&#8221; column_border_radius=&#8221;none&#8221; column_link_target=&#8221;_self&#8221; gradient_direction=&#8221;left_to_right&#8221; overlay_strength=&#8221;0.3&#8243; width=&#8221;1\/3&#8243; tablet_width_inherit=&#8221;default&#8221; animation_type=&#8221;default&#8221; bg_image_animation=&#8221;none&#8221; border_type=&#8221;simple&#8221; column_border_width=&#8221;none&#8221; column_border_style=&#8221;solid&#8221;][\/vc_column_inner][\/vc_row_inner][\/vc_column][\/vc_row]\n","protected":false},"excerpt":{"rendered":"<p>[vc_row type=&#8221;full_width_background&#8221; full_screen_row_position=&#8221;middle&#8221; column_margin=&#8221;default&#8221; column_direction=&#8221;default&#8221; column_direction_tablet=&#8221;default&#8221; column_direction_phone=&#8221;default&#8221; bg_image=&#8221;5803&#8243; bg_position=&#8221;center center&#8221; background_image_loading=&#8221;default&#8221; bg_repeat=&#8221;no-repeat&#8221; scene_position=&#8221;center&#8221; top_padding=&#8221;8%&#8221; constrain_group_1=&#8221;yes&#8221; bottom_padding=&#8221;8%&#8221; top_padding_tablet=&#8221;10%&#8221; constrain_group_3=&#8221;yes&#8221; bottom_padding_tablet=&#8221;10%&#8221; top_padding_phone=&#8221;10%&#8221; constrain_group_5=&#8221;yes&#8221; bottom_padding_phone=&#8221;10%&#8221; text_color=&#8221;light&#8221; text_align=&#8221;center&#8221; row_border_radius=&#8221;none&#8221;&#8230;<\/p>\n","protected":false},"author":1,"featured_media":0,"parent":0,"menu_order":0,"comment_status":"closed","ping_status":"closed","template":"","meta":{"footnotes":""},"class_list":["post-6284","page","type-page","status-publish"],"yoast_head":"<!-- This site is optimized with the Yoast SEO plugin v24.8.1 - https:\/\/yoast.com\/wordpress\/plugins\/seo\/ -->\n<title>Horses for sale | Horses Poland<\/title>\n<meta name=\"robots\" content=\"index, follow, max-snippet:-1, max-image-preview:large, max-video-preview:-1\" \/>\n<link rel=\"canonical\" href=\"https:\/\/horses-poland.pl\/en\/horses-for-sale\/\" \/>\n<meta property=\"og:locale\" content=\"en_US\" \/>\n<meta property=\"og:type\" content=\"article\" \/>\n<meta property=\"og:title\" content=\"Horses for sale | Horses Poland\" \/>\n<meta property=\"og:description\" content=\"[vc_row type=&#8221;full_width_background&#8221; full_screen_row_position=&#8221;middle&#8221; column_margin=&#8221;default&#8221; column_direction=&#8221;default&#8221; column_direction_tablet=&#8221;default&#8221; column_direction_phone=&#8221;default&#8221; bg_image=&#8221;5803&#8243; bg_position=&#8221;center center&#8221; background_image_loading=&#8221;default&#8221; bg_repeat=&#8221;no-repeat&#8221; scene_position=&#8221;center&#8221; top_padding=&#8221;8%&#8221; constrain_group_1=&#8221;yes&#8221; bottom_padding=&#8221;8%&#8221; top_padding_tablet=&#8221;10%&#8221; constrain_group_3=&#8221;yes&#8221; bottom_padding_tablet=&#8221;10%&#8221; top_padding_phone=&#8221;10%&#8221; constrain_group_5=&#8221;yes&#8221; bottom_padding_phone=&#8221;10%&#8221; text_color=&#8221;light&#8221; text_align=&#8221;center&#8221; row_border_radius=&#8221;none&#8221;...\" \/>\n<meta property=\"og:url\" content=\"https:\/\/horses-poland.pl\/en\/horses-for-sale\/\" \/>\n<meta property=\"og:site_name\" content=\"Horses Poland\" \/>\n<meta property=\"article:publisher\" content=\"https:\/\/www.facebook.com\/HorsesPoland.fb\" \/>\n<meta property=\"article:modified_time\" content=\"2023-04-14T10:10:15+00:00\" \/>\n<meta name=\"twitter:card\" content=\"summary_large_image\" \/>\n<script type=\"application\/ld+json\" class=\"yoast-schema-graph\">{\"@context\":\"https:\/\/schema.org\",\"@graph\":[{\"@type\":\"WebPage\",\"@id\":\"https:\/\/horses-poland.pl\/en\/horses-for-sale\/\",\"url\":\"https:\/\/horses-poland.pl\/en\/horses-for-sale\/\",\"name\":\"Horses for sale | Horses Poland\",\"isPartOf\":{\"@id\":\"https:\/\/horses-poland.pl\/#website\"},\"datePublished\":\"2022-08-13T19:21:37+00:00\",\"dateModified\":\"2023-04-14T10:10:15+00:00\",\"breadcrumb\":{\"@id\":\"https:\/\/horses-poland.pl\/en\/horses-for-sale\/#breadcrumb\"},\"inLanguage\":\"en-US\",\"potentialAction\":[{\"@type\":\"ReadAction\",\"target\":[\"https:\/\/horses-poland.pl\/en\/horses-for-sale\/\"]}]},{\"@type\":\"BreadcrumbList\",\"@id\":\"https:\/\/horses-poland.pl\/en\/horses-for-sale\/#breadcrumb\",\"itemListElement\":[{\"@type\":\"ListItem\",\"position\":1,\"name\":\"Strona g\u0142\u00f3wna\",\"item\":\"https:\/\/horses-poland.pl\/en\/\"},{\"@type\":\"ListItem\",\"position\":2,\"name\":\"Horses for sale\"}]},{\"@type\":\"WebSite\",\"@id\":\"https:\/\/horses-poland.pl\/#website\",\"url\":\"https:\/\/horses-poland.pl\/\",\"name\":\"Horses Poland\",\"description\":\"\",\"publisher\":{\"@id\":\"https:\/\/horses-poland.pl\/#organization\"},\"potentialAction\":[{\"@type\":\"SearchAction\",\"target\":{\"@type\":\"EntryPoint\",\"urlTemplate\":\"https:\/\/horses-poland.pl\/?s={search_term_string}\"},\"query-input\":{\"@type\":\"PropertyValueSpecification\",\"valueRequired\":true,\"valueName\":\"search_term_string\"}}],\"inLanguage\":\"en-US\"},{\"@type\":\"Organization\",\"@id\":\"https:\/\/horses-poland.pl\/#organization\",\"name\":\"Horses Poland\",\"url\":\"https:\/\/horses-poland.pl\/\",\"logo\":{\"@type\":\"ImageObject\",\"inLanguage\":\"en-US\",\"@id\":\"https:\/\/horses-poland.pl\/#\/schema\/logo\/image\/\",\"url\":\"https:\/\/horses-poland.pl\/wp-content\/uploads\/2022\/08\/big.png\",\"contentUrl\":\"https:\/\/horses-poland.pl\/wp-content\/uploads\/2022\/08\/big.png\",\"width\":1385,\"height\":712,\"caption\":\"Horses Poland\"},\"image\":{\"@id\":\"https:\/\/horses-poland.pl\/#\/schema\/logo\/image\/\"},\"sameAs\":[\"https:\/\/www.facebook.com\/HorsesPoland.fb\"]}]}<\/script>\n<!-- \/ Yoast SEO plugin. -->","yoast_head_json":{"title":"Horses for sale | Horses Poland","robots":{"index":"index","follow":"follow","max-snippet":"max-snippet:-1","max-image-preview":"max-image-preview:large","max-video-preview":"max-video-preview:-1"},"canonical":"https:\/\/horses-poland.pl\/en\/horses-for-sale\/","og_locale":"en_US","og_type":"article","og_title":"Horses for sale | Horses Poland","og_description":"[vc_row type=&#8221;full_width_background&#8221; full_screen_row_position=&#8221;middle&#8221; column_margin=&#8221;default&#8221; column_direction=&#8221;default&#8221; column_direction_tablet=&#8221;default&#8221; column_direction_phone=&#8221;default&#8221; bg_image=&#8221;5803&#8243; bg_position=&#8221;center center&#8221; background_image_loading=&#8221;default&#8221; bg_repeat=&#8221;no-repeat&#8221; scene_position=&#8221;center&#8221; top_padding=&#8221;8%&#8221; constrain_group_1=&#8221;yes&#8221; bottom_padding=&#8221;8%&#8221; top_padding_tablet=&#8221;10%&#8221; constrain_group_3=&#8221;yes&#8221; bottom_padding_tablet=&#8221;10%&#8221; top_padding_phone=&#8221;10%&#8221; constrain_group_5=&#8221;yes&#8221; bottom_padding_phone=&#8221;10%&#8221; text_color=&#8221;light&#8221; text_align=&#8221;center&#8221; row_border_radius=&#8221;none&#8221;...","og_url":"https:\/\/horses-poland.pl\/en\/horses-for-sale\/","og_site_name":"Horses Poland","article_publisher":"https:\/\/www.facebook.com\/HorsesPoland.fb","article_modified_time":"2023-04-14T10:10:15+00:00","twitter_card":"summary_large_image","schema":{"@context":"https:\/\/schema.org","@graph":[{"@type":"WebPage","@id":"https:\/\/horses-poland.pl\/en\/horses-for-sale\/","url":"https:\/\/horses-poland.pl\/en\/horses-for-sale\/","name":"Horses for sale | Horses Poland","isPartOf":{"@id":"https:\/\/horses-poland.pl\/#website"},"datePublished":"2022-08-13T19:21:37+00:00","dateModified":"2023-04-14T10:10:15+00:00","breadcrumb":{"@id":"https:\/\/horses-poland.pl\/en\/horses-for-sale\/#breadcrumb"},"inLanguage":"en-US","potentialAction":[{"@type":"ReadAction","target":["https:\/\/horses-poland.pl\/en\/horses-for-sale\/"]}]},{"@type":"BreadcrumbList","@id":"https:\/\/horses-poland.pl\/en\/horses-for-sale\/#breadcrumb","itemListElement":[{"@type":"ListItem","position":1,"name":"Strona g\u0142\u00f3wna","item":"https:\/\/horses-poland.pl\/en\/"},{"@type":"ListItem","position":2,"name":"Horses for sale"}]},{"@type":"WebSite","@id":"https:\/\/horses-poland.pl\/#website","url":"https:\/\/horses-poland.pl\/","name":"Horses Poland","description":"","publisher":{"@id":"https:\/\/horses-poland.pl\/#organization"},"potentialAction":[{"@type":"SearchAction","target":{"@type":"EntryPoint","urlTemplate":"https:\/\/horses-poland.pl\/?s={search_term_string}"},"query-input":{"@type":"PropertyValueSpecification","valueRequired":true,"valueName":"search_term_string"}}],"inLanguage":"en-US"},{"@type":"Organization","@id":"https:\/\/horses-poland.pl\/#organization","name":"Horses Poland","url":"https:\/\/horses-poland.pl\/","logo":{"@type":"ImageObject","inLanguage":"en-US","@id":"https:\/\/horses-poland.pl\/#\/schema\/logo\/image\/","url":"https:\/\/horses-poland.pl\/wp-content\/uploads\/2022\/08\/big.png","contentUrl":"https:\/\/horses-poland.pl\/wp-content\/uploads\/2022\/08\/big.png","width":1385,"height":712,"caption":"Horses Poland"},"image":{"@id":"https:\/\/horses-poland.pl\/#\/schema\/logo\/image\/"},"sameAs":["https:\/\/www.facebook.com\/HorsesPoland.fb"]}]}},"_links":{"self":[{"href":"https:\/\/horses-poland.pl\/en\/wp-json\/wp\/v2\/pages\/6284","targetHints":{"allow":["GET"]}}],"collection":[{"href":"https:\/\/horses-poland.pl\/en\/wp-json\/wp\/v2\/pages"}],"about":[{"href":"https:\/\/horses-poland.pl\/en\/wp-json\/wp\/v2\/types\/page"}],"author":[{"embeddable":true,"href":"https:\/\/horses-poland.pl\/en\/wp-json\/wp\/v2\/users\/1"}],"replies":[{"embeddable":true,"href":"https:\/\/horses-poland.pl\/en\/wp-json\/wp\/v2\/comments?post=6284"}],"version-history":[{"count":3,"href":"https:\/\/horses-poland.pl\/en\/wp-json\/wp\/v2\/pages\/6284\/revisions"}],"predecessor-version":[{"id":6302,"href":"https:\/\/horses-poland.pl\/en\/wp-json\/wp\/v2\/pages\/6284\/revisions\/6302"}],"wp:attachment":[{"href":"https:\/\/horses-poland.pl\/en\/wp-json\/wp\/v2\/media?parent=6284"}],"curies":[{"name":"wp","href":"https:\/\/api.w.org\/{rel}","templated":true}]}}